{"id":249,"date":"2023-04-05T18:30:12","date_gmt":"2023-04-05T16:30:12","guid":{"rendered":"http:\/\/morganebouchara-avocat.fr\/?page_id=249"},"modified":"2023-07-03T17:44:28","modified_gmt":"2023-07-03T15:44:28","slug":"mentions-legales","status":"publish","type":"page","link":"https:\/\/morganebouchara-avocat.fr\/?page_id=249","title":{"rendered":"Mentions l\u00e9gales"},"content":{"rendered":"\n<p>En vertu de la loi n\u00b0 2004-575 du 21 juin 2004 pour la confiance dans l\u2019\u00e9conomie num\u00e9rique (modifi\u00e9e), il est pr\u00e9cis\u00e9 aux utilisateurs du site&nbsp;https:\/\/morganebouchara-avocat.fr\/ l\u2019identit\u00e9 des diff\u00e9rents intervenants dans le cadre de sa r\u00e9alisation et de son suivi :<\/p>\n\n\n\n<p><span style=\"text-decoration: underline;\">\u00c9diteur du site :<\/span><\/p>\n\n\n\n<p>Morgane BOUCHARA<\/p>\n\n\n\n<p>SELARL<br>3 Rue des Ar\u00e8nes<br>49100 Angers<br>T\u00e9l\u00a0: 06 31 55 79 11<br><a href=\"mailto:mbouchara.avocat@orange.fr\">mbouchara.avocat@orange.fr<\/a><br>Identifiant SIRET\u00a0: 952 385 615 000 10 \u2013 N\u00b0 intracomunautaire\u00a0: FR32952385615<\/p>\n\n\n\n<p><span style=\"text-decoration: underline;\">Directeur de publication : <\/span><\/p>\n\n\n\n<p>Maitre Morgane Bouchara<br><a href=\"mailto:mbouchara.avocat@orange.fr\">mbouchara.avocat@orange.fr<\/a><\/p>\n\n\n\n<p>Me Morgane BOUCHARA est Avocat \u00e0 la Cour, Profession r\u00e9glement\u00e9e r\u00e9gie par l\u2019Ordre des Avocats, inscrites au Barreau d\u2019ANGERS (49000) \u2013 FRANCE. Elle est soumise aux r\u00e8gles professionnelles du R\u00e8glement Int\u00e9rieur National (R.I.N.) de la profession d\u2019Avocat consultable&nbsp;<a href=\"https:\/\/www.cnb.avocat.fr\/fr\/reglement-interieur-national-de-la-profession-davocat-rin\">ici.<\/a><\/p>\n\n\n\n<p><span style=\"text-decoration: underline;\">H\u00e9bergeur : <\/span><\/p>\n\n\n\n<p>OVH<br>2 rue Kellermann<br>59100 Roubaix<br>France<br>T\u00e8l : 1007<\/p>\n","protected":false},"excerpt":{"rendered":"<p>En vertu de la loi n\u00b0 2004-575 du 21 juin 2004 pour la confiance dans l\u2019\u00e9conomie num\u00e9rique (modifi\u00e9e), il est pr\u00e9cis\u00e9 aux utilisateurs du site&nbsp;https:\/\/morganebouchara-avocat.fr\/ l\u2019identit\u00e9 des diff\u00e9rents intervenants dans le cadre de sa r\u00e9alisation et de son suivi : \u00c9diteur du site : Morgane BOUCHARA SELARL3 Rue des Ar\u00e8nes49100 AngersT\u00e9l\u00a0: 06 31 55 79 &hellip; <\/p>\n<p class=\"link-more\"><a href=\"https:\/\/morganebouchara-avocat.fr\/?page_id=249\" class=\"more-link\">Continue reading<span class=\"screen-reader-text\"> &#8220;Mentions l\u00e9gales&#8221;<\/span><\/a><\/p>\n","protected":false},"author":1,"featured_media":0,"parent":0,"menu_order":0,"comment_status":"closed","ping_status":"closed","template":"","meta":[],"_links":{"self":[{"href":"https:\/\/morganebouchara-avocat.fr\/index.php?rest_route=\/wp\/v2\/pages\/249"}],"collection":[{"href":"https:\/\/morganebouchara-avocat.fr\/index.php?rest_route=\/wp\/v2\/pages"}],"about":[{"href":"https:\/\/morganebouchara-avocat.fr\/index.php?rest_route=\/wp\/v2\/types\/page"}],"author":[{"embeddable":true,"href":"https:\/\/morganebouchara-avocat.fr\/index.php?rest_route=\/wp\/v2\/users\/1"}],"replies":[{"embeddable":true,"href":"https:\/\/morganebouchara-avocat.fr\/index.php?rest_route=%2Fwp%2Fv2%2Fcomments&post=249"}],"version-history":[{"count":6,"href":"https:\/\/morganebouchara-avocat.fr\/index.php?rest_route=\/wp\/v2\/pages\/249\/revisions"}],"predecessor-version":[{"id":262,"href":"https:\/\/morganebouchara-avocat.fr\/index.php?rest_route=\/wp\/v2\/pages\/249\/revisions\/262"}],"wp:attachment":[{"href":"https:\/\/morganebouchara-avocat.fr\/index.php?rest_route=%2Fwp%2Fv2%2Fmedia&parent=249"}],"curies":[{"name":"wp","href":"https:\/\/api.w.org\/{rel}","templated":true}]}}