{"id":80,"date":"2021-08-31T11:28:11","date_gmt":"2021-08-31T09:28:11","guid":{"rendered":"http:\/\/morganebouchara-avocat.fr\/?page_id=80"},"modified":"2024-02-21T09:33:28","modified_gmt":"2024-02-21T08:33:28","slug":"le-cabinet","status":"publish","type":"page","link":"https:\/\/morganebouchara-avocat.fr\/","title":{"rendered":"LE CABINET"},"content":{"rendered":"\n<div class=\"wp-block-group\"><div class=\"wp-block-group__inner-container\">\n<p>Titulaire d\u2019un Master 2 en droit des contrats (Universit\u00e9 d\u2019ANGERS), je suis inscrite au Barreau d\u2019ANGERS depuis 2018.<\/p>\n\n\n\n<p>Forte de plusieurs exp\u00e9riences en cabinet d\u2019avocat en stage et en collaboration, notamment aupr\u00e8s d\u2019une avocate sp\u00e9cialis\u00e9e en droit de la famille, j\u2019ai d\u00e9cid\u00e9 de cr\u00e9er mon propre cabinet en d\u00e9cembre 2020.<\/p>\n\n\n\n<p>Je fais le choix de travailler plus sp\u00e9cialement dans le domaine du droit de la famille et du droit des mineurs.<\/p>\n\n\n\n<p>Je pourrai vous accompagner dans la recherche d&#8217;un accord amiable lorsque des n\u00e9gociations semblent plus opportunes qu&#8217;une proc\u00e9dure judiciaire. Je me forme actuellement au droit collaboratif (Niveau 1) pour d\u00e9velopper mes comp\u00e9tences en la mati\u00e8re.<\/p>\n\n\n\n<p>A l\u2019\u00e9coute afin d\u2019identifier au mieux vos difficult\u00e9s et les enjeux qui vous sont personnels, je vous orienterai sur les proc\u00e9dures \u00e0 suivre.<\/p>\n\n\n\n<p>J\u2019ai \u00e0 c\u0153ur d\u2019instaurer une relation de confiance avec chacun de mes clients afin de d\u00e9terminer ensemble les strat\u00e9gies \u00e0 adopter tout au long de la proc\u00e9dure et vous accompagner au mieux dans des moments de la vie parfois difficiles.<\/p>\n\n\n\n<p>Rigoureuse et r\u00e9active, je m\u2019engage \u00e0 r\u00e9pondre au plus vite \u00e0 vos demandes et serai votre unique interlocutrice.<\/p>\n<\/div><\/div>\n\n\n\n<p><\/p>\n","protected":false},"excerpt":{"rendered":"<p>Titulaire d\u2019un Master 2 en droit des contrats (Universit\u00e9 d\u2019ANGERS), je suis inscrite au Barreau d\u2019ANGERS depuis 2018. Forte de plusieurs exp\u00e9riences en cabinet d\u2019avocat en stage et en collaboration, notamment aupr\u00e8s d\u2019une avocate sp\u00e9cialis\u00e9e en droit de la famille, j\u2019ai d\u00e9cid\u00e9 de cr\u00e9er mon propre cabinet en d\u00e9cembre 2020. Je fais le choix de &hellip; <\/p>\n<p class=\"link-more\"><a href=\"https:\/\/morganebouchara-avocat.fr\/\" class=\"more-link\">Continue reading<span class=\"screen-reader-text\"> &#8220;LE CABINET&#8221;<\/span><\/a><\/p>\n","protected":false},"author":1,"featured_media":0,"parent":0,"menu_order":0,"comment_status":"closed","ping_status":"closed","template":"","meta":[],"_links":{"self":[{"href":"https:\/\/morganebouchara-avocat.fr\/index.php?rest_route=\/wp\/v2\/pages\/80"}],"collection":[{"href":"https:\/\/morganebouchara-avocat.fr\/index.php?rest_route=\/wp\/v2\/pages"}],"about":[{"href":"https:\/\/morganebouchara-avocat.fr\/index.php?rest_route=\/wp\/v2\/types\/page"}],"author":[{"embeddable":true,"href":"https:\/\/morganebouchara-avocat.fr\/index.php?rest_route=\/wp\/v2\/users\/1"}],"replies":[{"embeddable":true,"href":"https:\/\/morganebouchara-avocat.fr\/index.php?rest_route=%2Fwp%2Fv2%2Fcomments&post=80"}],"version-history":[{"count":8,"href":"https:\/\/morganebouchara-avocat.fr\/index.php?rest_route=\/wp\/v2\/pages\/80\/revisions"}],"predecessor-version":[{"id":264,"href":"https:\/\/morganebouchara-avocat.fr\/index.php?rest_route=\/wp\/v2\/pages\/80\/revisions\/264"}],"wp:attachment":[{"href":"https:\/\/morganebouchara-avocat.fr\/index.php?rest_route=%2Fwp%2Fv2%2Fmedia&parent=80"}],"curies":[{"name":"wp","href":"https:\/\/api.w.org\/{rel}","templated":true}]}}